{"id":72,"date":"2024-07-17T11:08:17","date_gmt":"2024-07-17T09:08:17","guid":{"rendered":"https:\/\/hosteriadegonzar.com\/?page_id=72"},"modified":"2025-04-08T17:25:28","modified_gmt":"2025-04-08T15:25:28","slug":"cookie-policy","status":"publish","type":"page","link":"https:\/\/hosteriadegonzar.com\/en\/cookie-policy\/","title":{"rendered":"Cookie Policy"},"content":{"rendered":"\t\t<div data-elementor-type=\"wp-page\" data-elementor-id=\"72\" class=\"elementor elementor-72\" data-elementor-post-type=\"page\">\n\t\t\t\t<div class=\"elementor-element elementor-element-18a2821 e-flex e-con-boxed e-con e-parent\" data-id=\"18a2821\" data-element_type=\"container\" data-e-type=\"container\">\n\t\t\t\t\t<div class=\"e-con-inner\">\n\t\t<div class=\"elementor-element elementor-element-be67688 e-con-full e-flex e-con e-child\" data-id=\"be67688\" data-element_type=\"container\" data-e-type=\"container\">\n\t\t\t\t<div class=\"elementor-element elementor-element-bde42a3 elementor-widget elementor-widget-text-editor\" data-id=\"bde42a3\" data-element_type=\"widget\" data-e-type=\"widget\" data-widget_type=\"text-editor.default\">\n\t\t\t\t<div class=\"elementor-widget-container\">\n\t\t\t\t\t\t\t\t\t<h1 data-start=\"65\" data-end=\"100\"><strong data-start=\"65\" data-end=\"83\">COOKIES POLICY<\/strong><br data-start=\"83\" data-end=\"86\" \/>[avgest_laurl]<\/h1><p class=\"\" data-start=\"102\" data-end=\"499\">Accessing this Website may involve the use of cookies. Cookies are small amounts of information stored in the browser used by each User \u2014 on the different devices they may use to browse \u2014 so that the server can remember certain information that will later only be read by the server that implemented it. Cookies facilitate browsing, make it more user-friendly, and do not harm the browsing device.<\/p><p class=\"\" data-start=\"501\" data-end=\"796\">Cookies are automatic procedures for collecting information related to the preferences set by the User during their visit to the Website, in order to recognize them as a User, personalize their experience, and the use of the Website. They may also, for example, help identify and resolve errors.<\/p><p class=\"\" data-start=\"798\" data-end=\"1354\">The information collected through cookies may include the date and time of visits to the Website, the pages viewed, the time spent on the Website, and the websites visited just before and after. However, no cookie allows this information to be linked to the User&#8217;s phone number or any other personal contact details. No cookie can extract information from the User\u2019s hard drive or steal personal information. The only way the private information of the User becomes part of the cookie file is if the User personally provides that information to the server.<\/p><p class=\"\" data-start=\"1356\" data-end=\"1731\">Cookies that identify a person are considered personal data. Therefore, they will be subject to the Privacy Policy previously described. In this regard, the User&#8217;s consent will be required for their use. This consent will be communicated, based on an authentic choice, provided by an affirmative and positive decision, before the initial processing, removable and documented.<\/p><p class=\"\" data-start=\"1733\" data-end=\"1756\"><strong data-start=\"1733\" data-end=\"1756\">First-Party Cookies<\/strong><\/p><p class=\"\" data-start=\"1758\" data-end=\"2186\">These are cookies sent to the User\u2019s computer or device and managed exclusively by Alojamientos tur\u00edsticos for the proper functioning of the Website. The information collected is used to improve the quality of the Website and its Content, and to enhance the User\u2019s experience. These cookies allow recognizing the User as a recurring visitor to the Website and adapt the content to offer them content suited to their preferences.<\/p><p class=\"\" data-start=\"2188\" data-end=\"2211\"><strong data-start=\"2188\" data-end=\"2211\">Third-Party Cookies<\/strong><\/p><p class=\"\" data-start=\"2213\" data-end=\"2574\">These are cookies used and managed by external entities that provide Alojamientos tur\u00edsticos with services requested by them to improve the Website and the User&#8217;s browsing experience on the Website. The main purposes for using third-party cookies are obtaining access statistics and analyzing browsing information, i.e., how the User interacts with the Website.<\/p><p class=\"\" data-start=\"2576\" data-end=\"3163\">The information obtained refers to, for example, the number of pages visited, language, the location of the IP address from which the User accesses, the number of Users accessing, the frequency and recurrence of visits, visit duration, the browser used, the operator, or the type of device from which the visit is made. This information is used to improve the Website and detect new needs to offer the Users optimal Content and\/or service quality. In any case, the information is collected anonymously, and trend reports of the Website are generated without identifying individual users.<\/p><p class=\"\" data-start=\"3165\" data-end=\"3357\">You can find more information about cookies, privacy information, or consult the description of the type of cookies used, their main features, expiration periods, etc., in the following links:<\/p><p class=\"\" data-start=\"3359\" data-end=\"3443\"><a class=\"\" href=\"https:\/\/analytics.google.com\/\" target=\"_new\" rel=\"noopener\" data-start=\"3359\" data-end=\"3388\">https:\/\/analytics.google.com\/<\/a><br data-start=\"3388\" data-end=\"3391\" \/><a class=\"\" href=\"https:\/\/es-es.facebook.com\/business\/tools\/meta-pixel\" target=\"_new\" rel=\"noopener\" data-start=\"3391\" data-end=\"3443\">https:\/\/es-es.facebook.com\/business\/tools\/meta-pixel<\/a><\/p><p class=\"\" data-start=\"3445\" data-end=\"3652\">The entity\/entities responsible for providing the cookies may transfer this information to third parties, whenever required by law, or if a third party processes this information on behalf of these entities.<\/p><p class=\"\" data-start=\"3654\" data-end=\"3678\"><strong data-start=\"3654\" data-end=\"3678\">Social Media Cookies<\/strong><\/p><p class=\"\" data-start=\"3680\" data-end=\"4232\">Alojamientos tur\u00edsticos includes social media plugins, which allow access to social media directly from the Website. For this reason, social media cookies may be stored in the User&#8217;s browser. The operators of these social media platforms have their own privacy and cookie policies, and they are responsible for their own files and privacy practices. The User should refer to them to get information about these cookies and, if applicable, how their personal data is processed. Below are links where these privacy and\/or cookie policies can be reviewed:<\/p><ul data-start=\"4234\" data-end=\"4589\"><li class=\"\" data-start=\"4234\" data-end=\"4288\"><p class=\"\" data-start=\"4236\" data-end=\"4288\">Facebook: <a class=\"\" href=\"https:\/\/www.facebook.com\/policies\/cookies\/\" target=\"_new\" rel=\"noopener\" data-start=\"4246\" data-end=\"4288\">https:\/\/www.facebook.com\/policies\/cookies\/<\/a><\/p><\/li><li class=\"\" data-start=\"4289\" data-end=\"4330\"><p class=\"\" data-start=\"4291\" data-end=\"4330\">Twitter: <a class=\"\" href=\"https:\/\/twitter.com\/es\/privacy\" target=\"_new\" rel=\"noopener\" data-start=\"4300\" data-end=\"4330\">https:\/\/twitter.com\/es\/privacy<\/a><\/p><\/li><li class=\"\" data-start=\"4331\" data-end=\"4394\"><p class=\"\" data-start=\"4333\" data-end=\"4394\">Instagram: <a class=\"\" href=\"https:\/\/help.instagram.com\/1896641480634370?ref=ig\" target=\"_new\" rel=\"noopener\" data-start=\"4344\" data-end=\"4394\">https:\/\/help.instagram.com\/1896641480634370?ref=ig<\/a><\/p><\/li><li class=\"\" data-start=\"4395\" data-end=\"4457\"><p class=\"\" data-start=\"4397\" data-end=\"4457\">YouTube: <a class=\"\" href=\"https:\/\/policies.google.com\/privacy?hl=es-419&amp;gl=mx\" target=\"_new\" rel=\"noopener\" data-start=\"4406\" data-end=\"4457\">https:\/\/policies.google.com\/privacy?hl=es-419&amp;gl=mx<\/a><\/p><\/li><li class=\"\" data-start=\"4458\" data-end=\"4517\"><p class=\"\" data-start=\"4460\" data-end=\"4517\">Pinterest: <a class=\"\" href=\"https:\/\/policy.pinterest.com\/es\/privacy-policy\" target=\"_new\" rel=\"noopener\" data-start=\"4471\" data-end=\"4517\">https:\/\/policy.pinterest.com\/es\/privacy-policy<\/a><\/p><\/li><li class=\"\" data-start=\"4518\" data-end=\"4589\"><p class=\"\" data-start=\"4520\" data-end=\"4589\">LinkedIn: <a class=\"\" href=\"https:\/\/www.linkedin.com\/legal\/cookie-policy?trk=hp-cookies\" target=\"_new\" rel=\"noopener\" data-start=\"4530\" data-end=\"4589\">https:\/\/www.linkedin.com\/legal\/cookie-policy?trk=hp-cookies<\/a><\/p><\/li><\/ul><p class=\"\" data-start=\"4591\" data-end=\"4630\"><strong data-start=\"4591\" data-end=\"4630\">Disable, Reject, and Delete Cookies<\/strong><\/p><p class=\"\" data-start=\"4632\" data-end=\"5169\">The User can disable, reject, and delete cookies \u2014 totally or partially \u2014 installed on their device through the configuration of their browser (such as Chrome, Firefox, Safari, Explorer). In this regard, the procedures for rejecting and deleting cookies may differ from one Internet browser to another. Consequently, the User should refer to the instructions provided by the Internet browser they are using. If the User rejects the use of cookies \u2014 totally or partially \u2014 they can still use the Website, but some features may be limited.<\/p><p class=\"\" data-start=\"5171\" data-end=\"5280\">This Cookie Policy document was created using the free online cookie policy template generator on 17\/07\/2024.<\/p>\t\t\t\t\t\t\t\t<\/div>\n\t\t\t\t<\/div>\n\t\t\t\t<\/div>\n\t\t\t\t\t<\/div>\n\t\t\t\t<\/div>\n\t\t\t\t<\/div>\n\t\t","protected":false},"excerpt":{"rendered":"<p>COOKIES POLICY[avgest_laurl] Accessing this Website may involve the use of cookies. Cookies are small amounts of information stored in the browser used by each User \u2014 on the different devices they may use to browse \u2014 so that the server can remember certain information that will later only be read by the server that implemented [&hellip;]<\/p>\n","protected":false},"author":1,"featured_media":0,"parent":0,"menu_order":0,"comment_status":"closed","ping_status":"closed","template":"elementor_header_footer","meta":{"footnotes":""},"class_list":["post-72","page","type-page","status-publish","hentry"],"yoast_head":"<!-- This site is optimized with the Yoast SEO plugin v27.3 - https:\/\/yoast.com\/product\/yoast-seo-wordpress\/ -->\n<title>Cookie Policy - Hoster\u00eda de Gonzar in Portomar\u00edn<\/title>\n<meta name=\"robots\" content=\"noindex, nofollow\" \/>\n<meta property=\"og:locale\" content=\"es_ES\" \/>\n<meta property=\"og:type\" content=\"article\" \/>\n<meta property=\"og:title\" content=\"Cookie Policy - Hoster\u00eda de Gonzar in Portomar\u00edn\" \/>\n<meta property=\"og:description\" content=\"COOKIES POLICY[avgest_laurl] Accessing this Website may involve the use of cookies. Cookies are small amounts of information stored in the browser used by each User \u2014 on the different devices they may use to browse \u2014 so that the server can remember certain information that will later only be read by the server that implemented [&hellip;]\" \/>\n<meta property=\"og:url\" content=\"https:\/\/hosteriadegonzar.com\/en\/cookie-policy\/\" \/>\n<meta property=\"og:site_name\" content=\"Hoster\u00eda de Gonzar in Portomar\u00edn\" \/>\n<meta property=\"article:modified_time\" content=\"2025-04-08T15:25:28+00:00\" \/>\n<meta name=\"twitter:card\" content=\"summary_large_image\" \/>\n<meta name=\"twitter:label1\" content=\"Tiempo de lectura\" \/>\n\t<meta name=\"twitter:data1\" content=\"4 minutos\" \/>\n<script type=\"application\/ld+json\" class=\"yoast-schema-graph\">{\"@context\":\"https:\\\/\\\/schema.org\",\"@graph\":[{\"@type\":\"WebPage\",\"@id\":\"https:\\\/\\\/hosteriadegonzar.com\\\/en\\\/cookie-policy\\\/\",\"url\":\"https:\\\/\\\/hosteriadegonzar.com\\\/en\\\/cookie-policy\\\/\",\"name\":\"Cookie Policy - Hoster\u00eda de Gonzar in Portomar\u00edn\",\"isPartOf\":{\"@id\":\"https:\\\/\\\/hosteriadegonzar.com\\\/en\\\/#website\"},\"datePublished\":\"2024-07-17T09:08:17+00:00\",\"dateModified\":\"2025-04-08T15:25:28+00:00\",\"breadcrumb\":{\"@id\":\"https:\\\/\\\/hosteriadegonzar.com\\\/en\\\/cookie-policy\\\/#breadcrumb\"},\"inLanguage\":\"es\",\"potentialAction\":[{\"@type\":\"ReadAction\",\"target\":[\"https:\\\/\\\/hosteriadegonzar.com\\\/en\\\/cookie-policy\\\/\"]}]},{\"@type\":\"BreadcrumbList\",\"@id\":\"https:\\\/\\\/hosteriadegonzar.com\\\/en\\\/cookie-policy\\\/#breadcrumb\",\"itemListElement\":[{\"@type\":\"ListItem\",\"position\":1,\"name\":\"Portada\",\"item\":\"https:\\\/\\\/hosteriadegonzar.com\\\/en\\\/\"},{\"@type\":\"ListItem\",\"position\":2,\"name\":\"Cookie Policy\"}]},{\"@type\":\"WebSite\",\"@id\":\"https:\\\/\\\/hosteriadegonzar.com\\\/en\\\/#website\",\"url\":\"https:\\\/\\\/hosteriadegonzar.com\\\/en\\\/\",\"name\":\"Hoster\u00eda de Gonzar in Portomar\u00edn\",\"description\":\"Hoster\u00eda a pie del camino de Santiago, en Gonzar, Portomar\u00edn\",\"publisher\":{\"@id\":\"https:\\\/\\\/hosteriadegonzar.com\\\/en\\\/#organization\"},\"potentialAction\":[{\"@type\":\"SearchAction\",\"target\":{\"@type\":\"EntryPoint\",\"urlTemplate\":\"https:\\\/\\\/hosteriadegonzar.com\\\/en\\\/?s={search_term_string}\"},\"query-input\":{\"@type\":\"PropertyValueSpecification\",\"valueRequired\":true,\"valueName\":\"search_term_string\"}}],\"inLanguage\":\"es\"},{\"@type\":\"Organization\",\"@id\":\"https:\\\/\\\/hosteriadegonzar.com\\\/en\\\/#organization\",\"name\":\"Hoster\u00eda de Gonzar in Portomar\u00edn\",\"url\":\"https:\\\/\\\/hosteriadegonzar.com\\\/en\\\/\",\"logo\":{\"@type\":\"ImageObject\",\"inLanguage\":\"es\",\"@id\":\"https:\\\/\\\/hosteriadegonzar.com\\\/en\\\/#\\\/schema\\\/logo\\\/image\\\/\",\"url\":\"https:\\\/\\\/hosteriadegonzar.com\\\/en\\\/wp-content\\\/uploads\\\/sites\\\/2\\\/logo-hosteria-de-gonzar-transparente.webp\",\"contentUrl\":\"https:\\\/\\\/hosteriadegonzar.com\\\/en\\\/wp-content\\\/uploads\\\/sites\\\/2\\\/logo-hosteria-de-gonzar-transparente.webp\",\"width\":300,\"height\":66,\"caption\":\"Hoster\u00eda de Gonzar in Portomar\u00edn\"},\"image\":{\"@id\":\"https:\\\/\\\/hosteriadegonzar.com\\\/en\\\/#\\\/schema\\\/logo\\\/image\\\/\"}}]}<\/script>\n<!-- \/ Yoast SEO plugin. -->","yoast_head_json":{"title":"Cookie Policy - Hoster\u00eda de Gonzar in Portomar\u00edn","robots":{"index":"noindex","follow":"nofollow"},"og_locale":"es_ES","og_type":"article","og_title":"Cookie Policy - Hoster\u00eda de Gonzar in Portomar\u00edn","og_description":"COOKIES POLICY[avgest_laurl] Accessing this Website may involve the use of cookies. Cookies are small amounts of information stored in the browser used by each User \u2014 on the different devices they may use to browse \u2014 so that the server can remember certain information that will later only be read by the server that implemented [&hellip;]","og_url":"https:\/\/hosteriadegonzar.com\/en\/cookie-policy\/","og_site_name":"Hoster\u00eda de Gonzar in Portomar\u00edn","article_modified_time":"2025-04-08T15:25:28+00:00","twitter_card":"summary_large_image","twitter_misc":{"Tiempo de lectura":"4 minutos"},"schema":{"@context":"https:\/\/schema.org","@graph":[{"@type":"WebPage","@id":"https:\/\/hosteriadegonzar.com\/en\/cookie-policy\/","url":"https:\/\/hosteriadegonzar.com\/en\/cookie-policy\/","name":"Cookie Policy - Hoster\u00eda de Gonzar in Portomar\u00edn","isPartOf":{"@id":"https:\/\/hosteriadegonzar.com\/en\/#website"},"datePublished":"2024-07-17T09:08:17+00:00","dateModified":"2025-04-08T15:25:28+00:00","breadcrumb":{"@id":"https:\/\/hosteriadegonzar.com\/en\/cookie-policy\/#breadcrumb"},"inLanguage":"es","potentialAction":[{"@type":"ReadAction","target":["https:\/\/hosteriadegonzar.com\/en\/cookie-policy\/"]}]},{"@type":"BreadcrumbList","@id":"https:\/\/hosteriadegonzar.com\/en\/cookie-policy\/#breadcrumb","itemListElement":[{"@type":"ListItem","position":1,"name":"Portada","item":"https:\/\/hosteriadegonzar.com\/en\/"},{"@type":"ListItem","position":2,"name":"Cookie Policy"}]},{"@type":"WebSite","@id":"https:\/\/hosteriadegonzar.com\/en\/#website","url":"https:\/\/hosteriadegonzar.com\/en\/","name":"Hoster\u00eda de Gonzar in Portomar\u00edn","description":"Hoster\u00eda a pie del camino de Santiago, en Gonzar, Portomar\u00edn","publisher":{"@id":"https:\/\/hosteriadegonzar.com\/en\/#organization"},"potentialAction":[{"@type":"SearchAction","target":{"@type":"EntryPoint","urlTemplate":"https:\/\/hosteriadegonzar.com\/en\/?s={search_term_string}"},"query-input":{"@type":"PropertyValueSpecification","valueRequired":true,"valueName":"search_term_string"}}],"inLanguage":"es"},{"@type":"Organization","@id":"https:\/\/hosteriadegonzar.com\/en\/#organization","name":"Hoster\u00eda de Gonzar in Portomar\u00edn","url":"https:\/\/hosteriadegonzar.com\/en\/","logo":{"@type":"ImageObject","inLanguage":"es","@id":"https:\/\/hosteriadegonzar.com\/en\/#\/schema\/logo\/image\/","url":"https:\/\/hosteriadegonzar.com\/en\/wp-content\/uploads\/sites\/2\/logo-hosteria-de-gonzar-transparente.webp","contentUrl":"https:\/\/hosteriadegonzar.com\/en\/wp-content\/uploads\/sites\/2\/logo-hosteria-de-gonzar-transparente.webp","width":300,"height":66,"caption":"Hoster\u00eda de Gonzar in Portomar\u00edn"},"image":{"@id":"https:\/\/hosteriadegonzar.com\/en\/#\/schema\/logo\/image\/"}}]}},"_links":{"self":[{"href":"https:\/\/hosteriadegonzar.com\/en\/wp-json\/wp\/v2\/pages\/72","targetHints":{"allow":["GET"]}}],"collection":[{"href":"https:\/\/hosteriadegonzar.com\/en\/wp-json\/wp\/v2\/pages"}],"about":[{"href":"https:\/\/hosteriadegonzar.com\/en\/wp-json\/wp\/v2\/types\/page"}],"author":[{"embeddable":true,"href":"https:\/\/hosteriadegonzar.com\/en\/wp-json\/wp\/v2\/users\/1"}],"replies":[{"embeddable":true,"href":"https:\/\/hosteriadegonzar.com\/en\/wp-json\/wp\/v2\/comments?post=72"}],"version-history":[{"count":4,"href":"https:\/\/hosteriadegonzar.com\/en\/wp-json\/wp\/v2\/pages\/72\/revisions"}],"predecessor-version":[{"id":2360,"href":"https:\/\/hosteriadegonzar.com\/en\/wp-json\/wp\/v2\/pages\/72\/revisions\/2360"}],"wp:attachment":[{"href":"https:\/\/hosteriadegonzar.com\/en\/wp-json\/wp\/v2\/media?parent=72"}],"curies":[{"name":"wp","href":"https:\/\/api.w.org\/{rel}","templated":true}]}}