{"id":1912,"date":"2025-03-26T14:55:28","date_gmt":"2025-03-26T13:55:28","guid":{"rendered":"https:\/\/hosteriadegonzar.com\/?page_id=1912"},"modified":"2025-04-09T12:21:14","modified_gmt":"2025-04-09T10:21:14","slug":"contacts","status":"publish","type":"page","link":"https:\/\/hosteriadegonzar.com\/en\/contacts\/","title":{"rendered":"Contacts"},"content":{"rendered":"\t\t<div data-elementor-type=\"wp-page\" data-elementor-id=\"1912\" class=\"elementor elementor-1912\" data-elementor-post-type=\"page\">\n\t\t\t\t<div class=\"elementor-element elementor-element-6e47d95b e-con-full e-flex e-con e-parent\" data-id=\"6e47d95b\" data-element_type=\"container\" data-e-type=\"container\" data-settings=\"{&quot;background_background&quot;:&quot;classic&quot;}\">\n\t\t<div class=\"elementor-element elementor-element-7c6bf16b e-flex e-con-boxed e-con e-child\" data-id=\"7c6bf16b\" data-element_type=\"container\" data-e-type=\"container\">\n\t\t\t\t\t<div class=\"e-con-inner\">\n\t\t\t\t<div class=\"elementor-element elementor-element-7bf4b78 elementor-widget elementor-widget-heading\" data-id=\"7bf4b78\" data-element_type=\"widget\" data-e-type=\"widget\" data-widget_type=\"heading.default\">\n\t\t\t\t<div class=\"elementor-widget-container\">\n\t\t\t\t\t<h1 class=\"elementor-heading-title elementor-size-default\">Contact with Hoster\u00eda de Gonzar<\/h1>\t\t\t\t<\/div>\n\t\t\t\t<\/div>\n\t\t\t\t<div class=\"elementor-element elementor-element-60e57e83 elementor-widget elementor-widget-heading\" data-id=\"60e57e83\" data-element_type=\"widget\" data-e-type=\"widget\" data-widget_type=\"heading.default\">\n\t\t\t\t<div class=\"elementor-widget-container\">\n\t\t\t\t\t<h2 class=\"elementor-heading-title elementor-size-default\">You can contact us or make a booking request.\n\n<\/h2>\t\t\t\t<\/div>\n\t\t\t\t<\/div>\n\t\t\t\t<div class=\"elementor-element elementor-element-0fd399a elementor-align-center elementor-mobile-align-center elementor-widget elementor-widget-button\" data-id=\"0fd399a\" data-element_type=\"widget\" data-e-type=\"widget\" data-widget_type=\"button.default\">\n\t\t\t\t<div class=\"elementor-widget-container\">\n\t\t\t\t\t\t\t\t\t<div class=\"elementor-button-wrapper\">\n\t\t\t\t\t<a class=\"elementor-button elementor-button-link elementor-size-sm\" href=\"https:\/\/booking.hosteriadegonzar.com\/?code=77830088&#038;lang=en\" target=\"_blank\">\n\t\t\t\t\t\t<span class=\"elementor-button-content-wrapper\">\n\t\t\t\t\t\t\t\t\t<span class=\"elementor-button-text\">BOOK NOW<\/span>\n\t\t\t\t\t<\/span>\n\t\t\t\t\t<\/a>\n\t\t\t\t<\/div>\n\t\t\t\t\t\t\t\t<\/div>\n\t\t\t\t<\/div>\n\t\t\t\t\t<\/div>\n\t\t\t\t<\/div>\n\t\t<div class=\"elementor-element elementor-element-73a393bf e-con-full e-flex e-con e-child\" data-id=\"73a393bf\" data-element_type=\"container\" data-e-type=\"container\">\n\t\t<div class=\"elementor-element elementor-element-5211deff e-con-full e-flex e-con e-child\" data-id=\"5211deff\" data-element_type=\"container\" data-e-type=\"container\">\n\t\t\t\t<div class=\"elementor-element elementor-element-38bf4c47 elementor-view-default elementor-position-block-start elementor-mobile-position-block-start elementor-widget elementor-widget-icon-box\" data-id=\"38bf4c47\" data-element_type=\"widget\" data-e-type=\"widget\" data-widget_type=\"icon-box.default\">\n\t\t\t\t<div class=\"elementor-widget-container\">\n\t\t\t\t\t\t\t<div class=\"elementor-icon-box-wrapper\">\n\n\t\t\t\t\t\t<div class=\"elementor-icon-box-icon\">\n\t\t\t\t<span  class=\"elementor-icon\">\n\t\t\t\t<svg xmlns=\"http:\/\/www.w3.org\/2000\/svg\" id=\"a\" width=\"39\" height=\"27.0005\" viewBox=\"0 0 39 27.0005\"><path d=\"M37,0H2C.897,0,0,.897,0,2V25.0005c0,1.1025,.897,2,2,2H37c1.1025,0,2-.8975,2-2V2c0-1.103-.8975-2-2-2Zm-2.2363,2l-15.2637,9.3281L4.2363,2h30.5275ZM2,25.0005l-.0014-22.0236L18.9785,13.3535c.1602,.0977,.3408,.1465,.5215,.1465s.3613-.0488,.5215-.1465L37,2.9778V25.0005H2Z\"><\/path><path d=\"M18.5,19.7505H6c-.4141,0-.75,.3359-.75,.75s.3359,.75,.75,.75h12.5c.4141,0,.75-.3359,.75-.75s-.3359-.75-.75-.75Z\"><\/path><path d=\"M6,17.7505h6c.4141,0,.75-.3359,.75-.75s-.3359-.75-.75-.75H6c-.4141,0-.75,.3359-.75,.75s.3359,.75,.75,.75Z\"><\/path><\/svg>\t\t\t\t<\/span>\n\t\t\t<\/div>\n\t\t\t\n\t\t\t\t\t\t<div class=\"elementor-icon-box-content\">\n\n\t\t\t\t\t\t\t\t\t<h4 class=\"elementor-icon-box-title\">\n\t\t\t\t\t\t<span  >\n\t\t\t\t\t\t\tEmail\t\t\t\t\t\t<\/span>\n\t\t\t\t\t<\/h4>\n\t\t\t\t\n\t\t\t\t\t\t\t\t\t<p class=\"elementor-icon-box-description\">\n\t\t\t\t\t\tinfo@hosteriadegonzar.com\t\t\t\t\t<\/p>\n\t\t\t\t\n\t\t\t<\/div>\n\t\t\t\n\t\t<\/div>\n\t\t\t\t\t\t<\/div>\n\t\t\t\t<\/div>\n\t\t\t\t<\/div>\n\t\t<div class=\"elementor-element elementor-element-7db639c8 e-con-full e-flex e-con e-child\" data-id=\"7db639c8\" data-element_type=\"container\" data-e-type=\"container\">\n\t\t\t\t<div class=\"elementor-element elementor-element-226940f0 elementor-view-default elementor-position-block-start elementor-mobile-position-block-start elementor-widget elementor-widget-icon-box\" data-id=\"226940f0\" data-element_type=\"widget\" data-e-type=\"widget\" data-widget_type=\"icon-box.default\">\n\t\t\t\t<div class=\"elementor-widget-container\">\n\t\t\t\t\t\t\t<div class=\"elementor-icon-box-wrapper\">\n\n\t\t\t\t\t\t<div class=\"elementor-icon-box-icon\">\n\t\t\t\t<span  class=\"elementor-icon\">\n\t\t\t\t<svg xmlns=\"http:\/\/www.w3.org\/2000\/svg\" id=\"a\" width=\"35\" height=\"35\" viewBox=\"0 0 35 35\"><path d=\"M33.7872,25.1837l-4.3237-4.3201c-.764-.7919-1.6854-1.2153-2.662-1.2153-.9687,0-1.898,.4155-2.6934,1.2074l-2.4887,2.4698c-.2048-.1098-.4095-.2117-.6064-.3136-.2836-.1412-.5513-.2744-.7797-.4156-2.3312-1.474-4.4496-3.3949-6.4816-5.8803-.9845-1.2388-1.646-2.2816-2.1264-3.3401,.6458-.588,1.2443-1.1996,1.8271-1.7877,.2205-.2195,.441-.4469,.6616-.6664,1.6538-1.6465,1.6538-3.7791,0-5.4257l-2.1501-2.1404c-.2441-.243-.4962-.494-.7324-.7448-.4725-.4861-.9687-.9879-1.4807-1.4584-.7639-.7527-1.6775-1.1525-2.6383-1.1525s-1.8901,.3998-2.6777,1.1525l-.0157,.0157L1.7414,3.8575C.7333,4.8611,.1584,6.0842,.0324,7.5034c-.189,2.2894,.4883,4.4221,1.0081,5.8176,1.2759,3.4263,3.1818,6.6017,6.0248,10.0045,3.4495,4.1006,7.5999,7.3387,12.341,9.6203,1.8114,.8546,4.2292,1.866,6.9306,2.0385,.1653,.0079,.3386,.0157,.4961,.0157,1.8193,0,3.3471-.6508,4.5442-1.9444,.0079-.0157,.0237-.0236,.0315-.0392,.4096-.494,.8821-.9409,1.3783-1.4192,.3386-.3214,.6851-.6586,1.0238-1.0114,.7797-.8076,1.1892-1.7484,1.1892-2.7128,0-.9722-.4174-1.9053-1.2128-2.6893Zm-1.5043,3.9359c-.3071,.3293-.6221,.6273-.9608,.9566-.5119,.4861-1.0317,.9957-1.52,1.5681-.7954,.8467-1.7326,1.2466-2.9612,1.2466-.1181,0-.2441,0-.3623-.0078-2.339-.149-4.5127-1.0585-6.1429-1.8347-4.4576-2.1483-8.3718-5.1983-11.6244-9.0636-2.6855-3.2225-4.4812-6.2019-5.6704-9.4008-.7324-1.9523-1.0002-3.4733-.8821-4.9081,.0787-.9174,.4332-1.6779,1.0869-2.3286l2.6855-2.6736c.3859-.3607,.7954-.5566,1.1971-.5566,.4962,0,.8978,.2979,1.1498,.5488l.0236,.0235c.4804,.4469,.9372,.9095,1.4176,1.4034,.2441,.2509,.4962,.5018,.7482,.7606l2.15,2.1404c.8348,.8311,.8348,1.5995,0,2.4305-.2284,.2274-.4489,.4548-.6773,.6743-.6616,.6742-1.2916,1.3015-1.9768,1.913-.0157,.0157-.0315,.0236-.0394,.0393-.6773,.6742-.5513,1.3328-.4095,1.7797l.0237,.0706c.5591,1.3486,1.3467,2.6187,2.5438,4.132l.0078,.0078c2.1737,2.6658,4.4655,4.7435,6.9935,6.3351,.3229,.2039,.6537,.3685,.9688,.5253,.2836,.1412,.5513,.2745,.7797,.4156,.0315,.0157,.063,.0392,.0945,.0549,.2678,.1333,.5198,.196,.7797,.196,.6537,0,1.0632-.4077,1.1971-.541l2.6935-2.6815c.2677-.2665,.693-.588,1.1892-.588,.4883,0,.8899,.3058,1.134,.5724l.0158,.0156,4.3394,4.3201c.8112,.7998,.8112,1.623,.0079,2.4541Z\"><\/path><\/svg>\t\t\t\t<\/span>\n\t\t\t<\/div>\n\t\t\t\n\t\t\t\t\t\t<div class=\"elementor-icon-box-content\">\n\n\t\t\t\t\t\t\t\t\t<h4 class=\"elementor-icon-box-title\">\n\t\t\t\t\t\t<span  >\n\t\t\t\t\t\t\tPhone\t\t\t\t\t\t<\/span>\n\t\t\t\t\t<\/h4>\n\t\t\t\t\n\t\t\t\t\t\t\t\t\t<p class=\"elementor-icon-box-description\">\n\t\t\t\t\t\t982154878 \/ 689609407\t\t\t\t\t<\/p>\n\t\t\t\t\n\t\t\t<\/div>\n\t\t\t\n\t\t<\/div>\n\t\t\t\t\t\t<\/div>\n\t\t\t\t<\/div>\n\t\t\t\t<\/div>\n\t\t<div class=\"elementor-element elementor-element-4c84c29f e-con-full e-flex e-con e-child\" data-id=\"4c84c29f\" data-element_type=\"container\" data-e-type=\"container\">\n\t\t\t\t<div class=\"elementor-element elementor-element-19c6f46 elementor-view-default elementor-position-block-start elementor-mobile-position-block-start elementor-widget elementor-widget-icon-box\" data-id=\"19c6f46\" data-element_type=\"widget\" data-e-type=\"widget\" data-widget_type=\"icon-box.default\">\n\t\t\t\t<div class=\"elementor-widget-container\">\n\t\t\t\t\t\t\t<div class=\"elementor-icon-box-wrapper\">\n\n\t\t\t\t\t\t<div class=\"elementor-icon-box-icon\">\n\t\t\t\t<span  class=\"elementor-icon\">\n\t\t\t\t<svg xmlns=\"http:\/\/www.w3.org\/2000\/svg\" id=\"a\" width=\"28\" height=\"38.0327\" viewBox=\"0 0 28 38.0327\"><path d=\"M21,28.4155c2.0312-2.7803,3.6514-5.3223,4.8125-7.5552,1.4512-2.7891,2.1875-5.0972,2.1875-6.8604C28,6.2803,21.7197,0,14,0S0,6.2803,0,14c0,1.7646,.7358,4.0728,2.1875,6.8604,1.1597,2.229,2.7788,4.771,4.8125,7.5552,1.4473,1.9824,3.0664,4.0361,4.8125,6.1045,.5139,.6098,.9463,1.1093,1.2993,1.5127H4.0645c-.5522,0-1,.4473-1,1s.4478,1,1,1H23.4834c.5527,0,1-.4473,1-1s-.4473-1-1-1H14.8882c.353-.4036,.7853-.9036,1.2983-1.5117,1.1973-1.418,3.0039-3.6279,4.8135-6.1055Zm-12.3848-1.1797c-1.9746-2.7031-3.54-5.1582-4.6533-7.2988-1.2837-2.4648-1.9619-4.5176-1.9619-5.937C2,7.3833,7.3833,2,14,2s12,5.3833,12,12c0,1.418-.6777,3.4712-1.9609,5.9375-1.1162,2.1431-2.6816,4.5981-4.6543,7.2983-1.7754,2.4307-3.5498,4.6016-4.7266,5.9951-.2344,.2783-.4546,.5371-.6582,.7734-.2036-.2373-.4243-.4951-.6592-.7734-1.7158-2.0332-3.3057-4.0498-4.7256-5.9951Z\"><\/path><path d=\"M20.7744,13.0972c0-3.7354-3.0391-6.7744-6.7744-6.7744s-6.7744,3.0391-6.7744,6.7744,3.0391,6.7739,6.7744,6.7739,6.7744-3.0386,6.7744-6.7739Zm-11.5488,0c0-2.6328,2.1416-4.7744,4.7744-4.7744s4.7744,2.1416,4.7744,4.7744-2.1416,4.7739-4.7744,4.7739-4.7744-2.1416-4.7744-4.7739Z\"><\/path><\/svg>\t\t\t\t<\/span>\n\t\t\t<\/div>\n\t\t\t\n\t\t\t\t\t\t<div class=\"elementor-icon-box-content\">\n\n\t\t\t\t\t\t\t\t\t<h4 class=\"elementor-icon-box-title\">\n\t\t\t\t\t\t<span  >\n\t\t\t\t\t\t\tAddress\t\t\t\t\t\t<\/span>\n\t\t\t\t\t<\/h4>\n\t\t\t\t\n\t\t\t\t\t\t\t\t\t<p class=\"elementor-icon-box-description\">\n\t\t\t\t\t\tLugar de Gonzar, 7 - 27188 - Portomar\u00edn - Lugo\t\t\t\t\t<\/p>\n\t\t\t\t\n\t\t\t<\/div>\n\t\t\t\n\t\t<\/div>\n\t\t\t\t\t\t<\/div>\n\t\t\t\t<\/div>\n\t\t\t\t<\/div>\n\t\t\t\t<\/div>\n\t\t\t\t<\/div>\n\t\t<div class=\"elementor-element elementor-element-918cb38 e-con-full e-flex e-con e-parent\" data-id=\"918cb38\" data-element_type=\"container\" data-e-type=\"container\">\n\t\t\t\t<div class=\"elementor-element elementor-element-63ca973 elementor-widget elementor-widget-google_maps\" data-id=\"63ca973\" data-element_type=\"widget\" data-e-type=\"widget\" data-widget_type=\"google_maps.default\">\n\t\t\t\t<div class=\"elementor-widget-container\">\n\t\t\t\t\t\t\t<div class=\"elementor-custom-embed\">\n\t\t\t<iframe loading=\"lazy\"\n\t\t\t\t\tsrc=\"https:\/\/maps.google.com\/maps?q=R8G4%2B6P%20Gonzar%2C%20Portomar%C3%ADn&#038;t=m&#038;z=14&#038;output=embed&#038;iwloc=near\"\n\t\t\t\t\ttitle=\"R8G4+6P Gonzar, Portomar\u00edn\"\n\t\t\t\t\taria-label=\"R8G4+6P Gonzar, Portomar\u00edn\"\n\t\t\t><\/iframe>\n\t\t<\/div>\n\t\t\t\t\t\t<\/div>\n\t\t\t\t<\/div>\n\t\t\t\t<\/div>\n\t\t\t\t<\/div>\n\t\t","protected":false},"excerpt":{"rendered":"<p>Contact with Hoster\u00eda de Gonzar You can contact us or make a booking request. BOOK NOW Email info@hosteriadegonzar.com Phone 982154878 \/ 689609407 Address Lugar de Gonzar, 7 &#8211; 27188 &#8211; Portomar\u00edn &#8211; Lugo<\/p>\n","protected":false},"author":1,"featured_media":835,"parent":0,"menu_order":0,"comment_status":"closed","ping_status":"closed","template":"","meta":{"footnotes":""},"class_list":["post-1912","page","type-page","status-publish","has-post-thumbnail","hentry"],"yoast_head":"<!-- This site is optimized with the Yoast SEO plugin v27.3 - https:\/\/yoast.com\/product\/yoast-seo-wordpress\/ -->\n<title>Contacts - Hoster\u00eda de Gonzar in Portomar\u00edn<\/title>\n<meta name=\"description\" content=\"Welcome to the Hoster\u00eda de Gonzar. Here you can contact us or make your reservation request.\" \/>\n<meta name=\"robots\" content=\"index, follow, max-snippet:-1, max-image-preview:large, max-video-preview:-1\" \/>\n<link rel=\"canonical\" href=\"https:\/\/hosteriadegonzar.com\/en\/contacts\/\" \/>\n<meta property=\"og:locale\" content=\"es_ES\" \/>\n<meta property=\"og:type\" content=\"article\" \/>\n<meta property=\"og:title\" content=\"Contacts - Hoster\u00eda de Gonzar in Portomar\u00edn\" \/>\n<meta property=\"og:description\" content=\"Welcome to the Hoster\u00eda de Gonzar. Here you can contact us or make your reservation request.\" \/>\n<meta property=\"og:url\" content=\"https:\/\/hosteriadegonzar.com\/en\/contacts\/\" \/>\n<meta property=\"og:site_name\" content=\"Hoster\u00eda de Gonzar in Portomar\u00edn\" \/>\n<meta property=\"article:modified_time\" content=\"2025-04-09T10:21:14+00:00\" \/>\n<meta property=\"og:image\" content=\"https:\/\/hosteriadegonzar.com\/en\/wp-content\/uploads\/sites\/2\/piscina-exterior-hosteria-de-gonzar-03-1.webp\" \/>\n\t<meta property=\"og:image:width\" content=\"1920\" \/>\n\t<meta property=\"og:image:height\" content=\"1440\" \/>\n\t<meta property=\"og:image:type\" content=\"image\/webp\" \/>\n<meta name=\"twitter:card\" content=\"summary_large_image\" \/>\n<meta name=\"twitter:label1\" content=\"Tiempo de lectura\" \/>\n\t<meta name=\"twitter:data1\" content=\"1 minuto\" \/>\n<script type=\"application\/ld+json\" class=\"yoast-schema-graph\">{\"@context\":\"https:\\\/\\\/schema.org\",\"@graph\":[{\"@type\":\"WebPage\",\"@id\":\"https:\\\/\\\/hosteriadegonzar.com\\\/en\\\/contacts\\\/\",\"url\":\"https:\\\/\\\/hosteriadegonzar.com\\\/en\\\/contacts\\\/\",\"name\":\"Contacts - Hoster\u00eda de Gonzar in Portomar\u00edn\",\"isPartOf\":{\"@id\":\"https:\\\/\\\/hosteriadegonzar.com\\\/en\\\/#website\"},\"primaryImageOfPage\":{\"@id\":\"https:\\\/\\\/hosteriadegonzar.com\\\/en\\\/contacts\\\/#primaryimage\"},\"image\":{\"@id\":\"https:\\\/\\\/hosteriadegonzar.com\\\/en\\\/contacts\\\/#primaryimage\"},\"thumbnailUrl\":\"https:\\\/\\\/hosteriadegonzar.com\\\/en\\\/wp-content\\\/uploads\\\/sites\\\/2\\\/piscina-exterior-hosteria-de-gonzar-03-1.webp\",\"datePublished\":\"2025-03-26T13:55:28+00:00\",\"dateModified\":\"2025-04-09T10:21:14+00:00\",\"description\":\"Welcome to the Hoster\u00eda de Gonzar. Here you can contact us or make your reservation request.\",\"breadcrumb\":{\"@id\":\"https:\\\/\\\/hosteriadegonzar.com\\\/en\\\/contacts\\\/#breadcrumb\"},\"inLanguage\":\"es\",\"potentialAction\":[{\"@type\":\"ReadAction\",\"target\":[\"https:\\\/\\\/hosteriadegonzar.com\\\/en\\\/contacts\\\/\"]}]},{\"@type\":\"ImageObject\",\"inLanguage\":\"es\",\"@id\":\"https:\\\/\\\/hosteriadegonzar.com\\\/en\\\/contacts\\\/#primaryimage\",\"url\":\"https:\\\/\\\/hosteriadegonzar.com\\\/en\\\/wp-content\\\/uploads\\\/sites\\\/2\\\/piscina-exterior-hosteria-de-gonzar-03-1.webp\",\"contentUrl\":\"https:\\\/\\\/hosteriadegonzar.com\\\/en\\\/wp-content\\\/uploads\\\/sites\\\/2\\\/piscina-exterior-hosteria-de-gonzar-03-1.webp\",\"width\":1920,\"height\":1440,\"caption\":\"Hosteria de Gonzar by the Camino de Santiago Your ideal hostel in Gonzar very close to Portomar\u00edn with Swimming Pool and garden\"},{\"@type\":\"BreadcrumbList\",\"@id\":\"https:\\\/\\\/hosteriadegonzar.com\\\/en\\\/contacts\\\/#breadcrumb\",\"itemListElement\":[{\"@type\":\"ListItem\",\"position\":1,\"name\":\"Portada\",\"item\":\"https:\\\/\\\/hosteriadegonzar.com\\\/en\\\/\"},{\"@type\":\"ListItem\",\"position\":2,\"name\":\"Contacts\"}]},{\"@type\":\"WebSite\",\"@id\":\"https:\\\/\\\/hosteriadegonzar.com\\\/en\\\/#website\",\"url\":\"https:\\\/\\\/hosteriadegonzar.com\\\/en\\\/\",\"name\":\"Hoster\u00eda de Gonzar in Portomar\u00edn\",\"description\":\"Hoster\u00eda a pie del camino de Santiago, en Gonzar, Portomar\u00edn\",\"publisher\":{\"@id\":\"https:\\\/\\\/hosteriadegonzar.com\\\/en\\\/#organization\"},\"potentialAction\":[{\"@type\":\"SearchAction\",\"target\":{\"@type\":\"EntryPoint\",\"urlTemplate\":\"https:\\\/\\\/hosteriadegonzar.com\\\/en\\\/?s={search_term_string}\"},\"query-input\":{\"@type\":\"PropertyValueSpecification\",\"valueRequired\":true,\"valueName\":\"search_term_string\"}}],\"inLanguage\":\"es\"},{\"@type\":\"Organization\",\"@id\":\"https:\\\/\\\/hosteriadegonzar.com\\\/en\\\/#organization\",\"name\":\"Hoster\u00eda de Gonzar in Portomar\u00edn\",\"url\":\"https:\\\/\\\/hosteriadegonzar.com\\\/en\\\/\",\"logo\":{\"@type\":\"ImageObject\",\"inLanguage\":\"es\",\"@id\":\"https:\\\/\\\/hosteriadegonzar.com\\\/en\\\/#\\\/schema\\\/logo\\\/image\\\/\",\"url\":\"https:\\\/\\\/hosteriadegonzar.com\\\/en\\\/wp-content\\\/uploads\\\/sites\\\/2\\\/logo-hosteria-de-gonzar-transparente.webp\",\"contentUrl\":\"https:\\\/\\\/hosteriadegonzar.com\\\/en\\\/wp-content\\\/uploads\\\/sites\\\/2\\\/logo-hosteria-de-gonzar-transparente.webp\",\"width\":300,\"height\":66,\"caption\":\"Hoster\u00eda de Gonzar in Portomar\u00edn\"},\"image\":{\"@id\":\"https:\\\/\\\/hosteriadegonzar.com\\\/en\\\/#\\\/schema\\\/logo\\\/image\\\/\"}}]}<\/script>\n<!-- \/ Yoast SEO plugin. -->","yoast_head_json":{"title":"Contacts - Hoster\u00eda de Gonzar in Portomar\u00edn","description":"Welcome to the Hoster\u00eda de Gonzar. Here you can contact us or make your reservation request.","robots":{"index":"index","follow":"follow","max-snippet":"max-snippet:-1","max-image-preview":"max-image-preview:large","max-video-preview":"max-video-preview:-1"},"canonical":"https:\/\/hosteriadegonzar.com\/en\/contacts\/","og_locale":"es_ES","og_type":"article","og_title":"Contacts - Hoster\u00eda de Gonzar in Portomar\u00edn","og_description":"Welcome to the Hoster\u00eda de Gonzar. Here you can contact us or make your reservation request.","og_url":"https:\/\/hosteriadegonzar.com\/en\/contacts\/","og_site_name":"Hoster\u00eda de Gonzar in Portomar\u00edn","article_modified_time":"2025-04-09T10:21:14+00:00","og_image":[{"width":1920,"height":1440,"url":"https:\/\/hosteriadegonzar.com\/en\/wp-content\/uploads\/sites\/2\/piscina-exterior-hosteria-de-gonzar-03-1.webp","type":"image\/webp"}],"twitter_card":"summary_large_image","twitter_misc":{"Tiempo de lectura":"1 minuto"},"schema":{"@context":"https:\/\/schema.org","@graph":[{"@type":"WebPage","@id":"https:\/\/hosteriadegonzar.com\/en\/contacts\/","url":"https:\/\/hosteriadegonzar.com\/en\/contacts\/","name":"Contacts - Hoster\u00eda de Gonzar in Portomar\u00edn","isPartOf":{"@id":"https:\/\/hosteriadegonzar.com\/en\/#website"},"primaryImageOfPage":{"@id":"https:\/\/hosteriadegonzar.com\/en\/contacts\/#primaryimage"},"image":{"@id":"https:\/\/hosteriadegonzar.com\/en\/contacts\/#primaryimage"},"thumbnailUrl":"https:\/\/hosteriadegonzar.com\/en\/wp-content\/uploads\/sites\/2\/piscina-exterior-hosteria-de-gonzar-03-1.webp","datePublished":"2025-03-26T13:55:28+00:00","dateModified":"2025-04-09T10:21:14+00:00","description":"Welcome to the Hoster\u00eda de Gonzar. Here you can contact us or make your reservation request.","breadcrumb":{"@id":"https:\/\/hosteriadegonzar.com\/en\/contacts\/#breadcrumb"},"inLanguage":"es","potentialAction":[{"@type":"ReadAction","target":["https:\/\/hosteriadegonzar.com\/en\/contacts\/"]}]},{"@type":"ImageObject","inLanguage":"es","@id":"https:\/\/hosteriadegonzar.com\/en\/contacts\/#primaryimage","url":"https:\/\/hosteriadegonzar.com\/en\/wp-content\/uploads\/sites\/2\/piscina-exterior-hosteria-de-gonzar-03-1.webp","contentUrl":"https:\/\/hosteriadegonzar.com\/en\/wp-content\/uploads\/sites\/2\/piscina-exterior-hosteria-de-gonzar-03-1.webp","width":1920,"height":1440,"caption":"Hosteria de Gonzar by the Camino de Santiago Your ideal hostel in Gonzar very close to Portomar\u00edn with Swimming Pool and garden"},{"@type":"BreadcrumbList","@id":"https:\/\/hosteriadegonzar.com\/en\/contacts\/#breadcrumb","itemListElement":[{"@type":"ListItem","position":1,"name":"Portada","item":"https:\/\/hosteriadegonzar.com\/en\/"},{"@type":"ListItem","position":2,"name":"Contacts"}]},{"@type":"WebSite","@id":"https:\/\/hosteriadegonzar.com\/en\/#website","url":"https:\/\/hosteriadegonzar.com\/en\/","name":"Hoster\u00eda de Gonzar in Portomar\u00edn","description":"Hoster\u00eda a pie del camino de Santiago, en Gonzar, Portomar\u00edn","publisher":{"@id":"https:\/\/hosteriadegonzar.com\/en\/#organization"},"potentialAction":[{"@type":"SearchAction","target":{"@type":"EntryPoint","urlTemplate":"https:\/\/hosteriadegonzar.com\/en\/?s={search_term_string}"},"query-input":{"@type":"PropertyValueSpecification","valueRequired":true,"valueName":"search_term_string"}}],"inLanguage":"es"},{"@type":"Organization","@id":"https:\/\/hosteriadegonzar.com\/en\/#organization","name":"Hoster\u00eda de Gonzar in Portomar\u00edn","url":"https:\/\/hosteriadegonzar.com\/en\/","logo":{"@type":"ImageObject","inLanguage":"es","@id":"https:\/\/hosteriadegonzar.com\/en\/#\/schema\/logo\/image\/","url":"https:\/\/hosteriadegonzar.com\/en\/wp-content\/uploads\/sites\/2\/logo-hosteria-de-gonzar-transparente.webp","contentUrl":"https:\/\/hosteriadegonzar.com\/en\/wp-content\/uploads\/sites\/2\/logo-hosteria-de-gonzar-transparente.webp","width":300,"height":66,"caption":"Hoster\u00eda de Gonzar in Portomar\u00edn"},"image":{"@id":"https:\/\/hosteriadegonzar.com\/en\/#\/schema\/logo\/image\/"}}]}},"_links":{"self":[{"href":"https:\/\/hosteriadegonzar.com\/en\/wp-json\/wp\/v2\/pages\/1912","targetHints":{"allow":["GET"]}}],"collection":[{"href":"https:\/\/hosteriadegonzar.com\/en\/wp-json\/wp\/v2\/pages"}],"about":[{"href":"https:\/\/hosteriadegonzar.com\/en\/wp-json\/wp\/v2\/types\/page"}],"author":[{"embeddable":true,"href":"https:\/\/hosteriadegonzar.com\/en\/wp-json\/wp\/v2\/users\/1"}],"replies":[{"embeddable":true,"href":"https:\/\/hosteriadegonzar.com\/en\/wp-json\/wp\/v2\/comments?post=1912"}],"version-history":[{"count":23,"href":"https:\/\/hosteriadegonzar.com\/en\/wp-json\/wp\/v2\/pages\/1912\/revisions"}],"predecessor-version":[{"id":2415,"href":"https:\/\/hosteriadegonzar.com\/en\/wp-json\/wp\/v2\/pages\/1912\/revisions\/2415"}],"wp:featuredmedia":[{"embeddable":true,"href":"https:\/\/hosteriadegonzar.com\/en\/wp-json\/wp\/v2\/media\/835"}],"wp:attachment":[{"href":"https:\/\/hosteriadegonzar.com\/en\/wp-json\/wp\/v2\/media?parent=1912"}],"curies":[{"name":"wp","href":"https:\/\/api.w.org\/{rel}","templated":true}]}}